{"id":940,"date":"2022-01-17T16:22:12","date_gmt":"2022-01-17T14:22:12","guid":{"rendered":"https:\/\/www.boars-and-semen.com\/assine-a-newsletter-boars-semen\/"},"modified":"2022-05-25T02:12:23","modified_gmt":"2022-05-25T00:12:23","slug":"assine-a-newsletter-boars-semen","status":"publish","type":"page","link":"https:\/\/www.boars-and-semen.com\/pt-br\/assine-a-newsletter-boars-semen\/","title":{"rendered":"Assine a newsletter Boars &amp; Semen"},"content":{"rendered":"\n<h1 class=\"tb-heading\" data-toolset-blocks-heading=\"de31bd02d48f106671751fd9d7b42431\" data-last-update=\"1.4\">Inscreva-se e receba nossas not\u00edcias trimestrais e atualiza\u00e7\u00f5es sobre gest\u00e3o de centrais de s\u00eamen<\/h1>\n\n<div class=\"wp-block-toolset-blocks-container tb-container\" data-toolset-blocks-container=\"a2038f936308b3cb888b5135c893d765\"><div class=\"tb-container-inner\">\n<div class=\"tb-fields-and-text\" data-toolset-blocks-fields-and-text=\"3e1d2592ce20bdf2bf813c9dfa44c991\"><script>(function() {\n\twindow.mc4wp = window.mc4wp || {\n\t\tlisteners: [],\n\t\tforms: {\n\t\t\ton: function(evt, cb) {\n\t\t\t\twindow.mc4wp.listeners.push(\n\t\t\t\t\t{\n\t\t\t\t\t\tevent   : evt,\n\t\t\t\t\t\tcallback: cb\n\t\t\t\t\t}\n\t\t\t\t);\n\t\t\t}\n\t\t}\n\t}\n})();\n<\/script><!-- Mailchimp for WordPress v4.12.1 - https:\/\/wordpress.org\/plugins\/mailchimp-for-wp\/ --><form id=\"mc4wp-form-1\" class=\"mc4wp-form mc4wp-form-945 mc4wp-form-basic\" method=\"post\" data-id=\"945\" data-name=\"Formul\u00e1rio de Assinatura do Boletim Informativo\" ><div class=\"mc4wp-form-fields\"><div class=\"bs-mc4wp-feild-wrapper\">\n    <label>Primeiro nome*<\/label>\n    <input type=\"text\" name=\"FNAME\" required=\"\">\n<\/div>\n<div class=\"bs-mc4wp-feild-wrapper\">\n    <label>\u00daltimo nome*<\/label>\n    <input type=\"text\" name=\"LNAME\" required=\"\">\n<\/div>\n<div class=\"bs-mc4wp-feild-wrapper\">\n\t<label>Endere\u00e7o de e-mail* \n\t<input type=\"email\" name=\"EMAIL\" required=\"\">\n<\/label>\n<\/div>\n<div class=\"bs-mc4wp-feild-wrapper\">\n    <label>Empresa<\/label>\n    <input type=\"text\" name=\"COMPANY\">\n<\/div>\n<div class=\"bs-mc4wp-feild-wrapper\">\n    <label>Pa\u00eds*<\/label>\n    <input type=\"text\" name=\"MMERGE7\" required=\"\">\n<\/div>\n<div class=\"bs-mc4wp-feild-wrapper\" style=\"margin-bottom: 0;\">\n\t<input type=\"submit\" value=\"Inscreva-se\">\n<\/div><\/div><label style=\"display: none !important;\">Leave this field empty if you're human: <input type=\"text\" name=\"_mc4wp_honeypot\" value=\"\" tabindex=\"-1\" autocomplete=\"off\" \/><\/label><input type=\"hidden\" name=\"_mc4wp_timestamp\" value=\"1776154581\" \/><input type=\"hidden\" name=\"_mc4wp_form_id\" value=\"945\" \/><input type=\"hidden\" name=\"_mc4wp_form_element_id\" value=\"mc4wp-form-1\" \/><div class=\"mc4wp-response\"><\/div><\/form><!-- \/ Mailchimp for WordPress Plugin --><\/div>\n<\/div><\/div>\n","protected":false},"excerpt":{"rendered":"","protected":false},"author":1,"featured_media":0,"parent":0,"menu_order":0,"comment_status":"closed","ping_status":"closed","template":"","meta":{"inline_featured_image":false,"footnotes":""},"class_list":{"0":"post-940","1":"page","2":"type-page","3":"status-publish","5":"no-featured-image-padding"},"yoast_head":"<!-- This site is optimized with the Yoast SEO plugin v27.3 - https:\/\/yoast.com\/product\/yoast-seo-wordpress\/ -->\n<title>Assine a newsletter Boars &amp; Semen - Boars and Semen<\/title>\n<meta name=\"robots\" content=\"index, follow, max-snippet:-1, max-image-preview:large, max-video-preview:-1\" \/>\n<link rel=\"canonical\" href=\"https:\/\/www.boars-and-semen.com\/pt-br\/assine-a-newsletter-boars-semen\/\" \/>\n<meta property=\"og:locale\" content=\"pt_BR\" \/>\n<meta property=\"og:type\" content=\"article\" \/>\n<meta property=\"og:title\" content=\"Assine a newsletter Boars &amp; Semen - Boars and Semen\" \/>\n<meta property=\"og:url\" content=\"https:\/\/www.boars-and-semen.com\/pt-br\/assine-a-newsletter-boars-semen\/\" \/>\n<meta property=\"og:site_name\" content=\"Boars and Semen\" \/>\n<meta property=\"article:modified_time\" content=\"2022-05-25T00:12:23+00:00\" \/>\n<meta name=\"twitter:card\" content=\"summary_large_image\" \/>\n<script type=\"application\/ld+json\" class=\"yoast-schema-graph\">{\"@context\":\"https:\\\/\\\/schema.org\",\"@graph\":[{\"@type\":\"WebPage\",\"@id\":\"https:\\\/\\\/www.boars-and-semen.com\\\/pt-br\\\/assine-a-newsletter-boars-semen\\\/\",\"url\":\"https:\\\/\\\/www.boars-and-semen.com\\\/pt-br\\\/assine-a-newsletter-boars-semen\\\/\",\"name\":\"Assine a newsletter Boars &amp; Semen - Boars and Semen\",\"isPartOf\":{\"@id\":\"https:\\\/\\\/www.boars-and-semen.com\\\/pt-br\\\/#website\"},\"datePublished\":\"2022-01-17T14:22:12+00:00\",\"dateModified\":\"2022-05-25T00:12:23+00:00\",\"breadcrumb\":{\"@id\":\"https:\\\/\\\/www.boars-and-semen.com\\\/pt-br\\\/assine-a-newsletter-boars-semen\\\/#breadcrumb\"},\"inLanguage\":\"pt-BR\",\"potentialAction\":[{\"@type\":\"ReadAction\",\"target\":[\"https:\\\/\\\/www.boars-and-semen.com\\\/pt-br\\\/assine-a-newsletter-boars-semen\\\/\"]}]},{\"@type\":\"BreadcrumbList\",\"@id\":\"https:\\\/\\\/www.boars-and-semen.com\\\/pt-br\\\/assine-a-newsletter-boars-semen\\\/#breadcrumb\",\"itemListElement\":[{\"@type\":\"ListItem\",\"position\":1,\"name\":\"Home\",\"item\":\"https:\\\/\\\/www.boars-and-semen.com\\\/pt-br\\\/boars-semen\\\/\"},{\"@type\":\"ListItem\",\"position\":2,\"name\":\"Assine a newsletter Boars &amp; Semen\"}]},{\"@type\":\"WebSite\",\"@id\":\"https:\\\/\\\/www.boars-and-semen.com\\\/pt-br\\\/#website\",\"url\":\"https:\\\/\\\/www.boars-and-semen.com\\\/pt-br\\\/\",\"name\":\"Boars and Semen\",\"description\":\"Dicas, ideias e t\u00e9cnicas para excelentes resultados em centros de coleta e processamento de s\u00eamen\",\"publisher\":{\"@id\":\"https:\\\/\\\/www.boars-and-semen.com\\\/pt-br\\\/#organization\"},\"potentialAction\":[{\"@type\":\"SearchAction\",\"target\":{\"@type\":\"EntryPoint\",\"urlTemplate\":\"https:\\\/\\\/www.boars-and-semen.com\\\/pt-br\\\/?s={search_term_string}\"},\"query-input\":{\"@type\":\"PropertyValueSpecification\",\"valueRequired\":true,\"valueName\":\"search_term_string\"}}],\"inLanguage\":\"pt-BR\"},{\"@type\":\"Organization\",\"@id\":\"https:\\\/\\\/www.boars-and-semen.com\\\/pt-br\\\/#organization\",\"name\":\"Boars and Semen\",\"url\":\"https:\\\/\\\/www.boars-and-semen.com\\\/pt-br\\\/\",\"logo\":{\"@type\":\"ImageObject\",\"inLanguage\":\"pt-BR\",\"@id\":\"https:\\\/\\\/www.boars-and-semen.com\\\/pt-br\\\/#\\\/schema\\\/logo\\\/image\\\/\",\"url\":\"https:\\\/\\\/www.boars-and-semen.com\\\/wp-content\\\/uploads\\\/2021\\\/09\\\/boars-and-semen-logo.svg\",\"contentUrl\":\"https:\\\/\\\/www.boars-and-semen.com\\\/wp-content\\\/uploads\\\/2021\\\/09\\\/boars-and-semen-logo.svg\",\"caption\":\"Boars and Semen\"},\"image\":{\"@id\":\"https:\\\/\\\/www.boars-and-semen.com\\\/pt-br\\\/#\\\/schema\\\/logo\\\/image\\\/\"}}]}<\/script>\n<!-- \/ Yoast SEO plugin. -->","yoast_head_json":{"title":"Assine a newsletter Boars &amp; Semen - Boars and Semen","robots":{"index":"index","follow":"follow","max-snippet":"max-snippet:-1","max-image-preview":"max-image-preview:large","max-video-preview":"max-video-preview:-1"},"canonical":"https:\/\/www.boars-and-semen.com\/pt-br\/assine-a-newsletter-boars-semen\/","og_locale":"pt_BR","og_type":"article","og_title":"Assine a newsletter Boars &amp; Semen - Boars and Semen","og_url":"https:\/\/www.boars-and-semen.com\/pt-br\/assine-a-newsletter-boars-semen\/","og_site_name":"Boars and Semen","article_modified_time":"2022-05-25T00:12:23+00:00","twitter_card":"summary_large_image","schema":{"@context":"https:\/\/schema.org","@graph":[{"@type":"WebPage","@id":"https:\/\/www.boars-and-semen.com\/pt-br\/assine-a-newsletter-boars-semen\/","url":"https:\/\/www.boars-and-semen.com\/pt-br\/assine-a-newsletter-boars-semen\/","name":"Assine a newsletter Boars &amp; Semen - Boars and Semen","isPartOf":{"@id":"https:\/\/www.boars-and-semen.com\/pt-br\/#website"},"datePublished":"2022-01-17T14:22:12+00:00","dateModified":"2022-05-25T00:12:23+00:00","breadcrumb":{"@id":"https:\/\/www.boars-and-semen.com\/pt-br\/assine-a-newsletter-boars-semen\/#breadcrumb"},"inLanguage":"pt-BR","potentialAction":[{"@type":"ReadAction","target":["https:\/\/www.boars-and-semen.com\/pt-br\/assine-a-newsletter-boars-semen\/"]}]},{"@type":"BreadcrumbList","@id":"https:\/\/www.boars-and-semen.com\/pt-br\/assine-a-newsletter-boars-semen\/#breadcrumb","itemListElement":[{"@type":"ListItem","position":1,"name":"Home","item":"https:\/\/www.boars-and-semen.com\/pt-br\/boars-semen\/"},{"@type":"ListItem","position":2,"name":"Assine a newsletter Boars &amp; Semen"}]},{"@type":"WebSite","@id":"https:\/\/www.boars-and-semen.com\/pt-br\/#website","url":"https:\/\/www.boars-and-semen.com\/pt-br\/","name":"Boars and Semen","description":"Dicas, ideias e t\u00e9cnicas para excelentes resultados em centros de coleta e processamento de s\u00eamen","publisher":{"@id":"https:\/\/www.boars-and-semen.com\/pt-br\/#organization"},"potentialAction":[{"@type":"SearchAction","target":{"@type":"EntryPoint","urlTemplate":"https:\/\/www.boars-and-semen.com\/pt-br\/?s={search_term_string}"},"query-input":{"@type":"PropertyValueSpecification","valueRequired":true,"valueName":"search_term_string"}}],"inLanguage":"pt-BR"},{"@type":"Organization","@id":"https:\/\/www.boars-and-semen.com\/pt-br\/#organization","name":"Boars and Semen","url":"https:\/\/www.boars-and-semen.com\/pt-br\/","logo":{"@type":"ImageObject","inLanguage":"pt-BR","@id":"https:\/\/www.boars-and-semen.com\/pt-br\/#\/schema\/logo\/image\/","url":"https:\/\/www.boars-and-semen.com\/wp-content\/uploads\/2021\/09\/boars-and-semen-logo.svg","contentUrl":"https:\/\/www.boars-and-semen.com\/wp-content\/uploads\/2021\/09\/boars-and-semen-logo.svg","caption":"Boars and Semen"},"image":{"@id":"https:\/\/www.boars-and-semen.com\/pt-br\/#\/schema\/logo\/image\/"}}]}},"_links":{"self":[{"href":"https:\/\/www.boars-and-semen.com\/pt-br\/wp-json\/wp\/v2\/pages\/940","targetHints":{"allow":["GET"]}}],"collection":[{"href":"https:\/\/www.boars-and-semen.com\/pt-br\/wp-json\/wp\/v2\/pages"}],"about":[{"href":"https:\/\/www.boars-and-semen.com\/pt-br\/wp-json\/wp\/v2\/types\/page"}],"author":[{"embeddable":true,"href":"https:\/\/www.boars-and-semen.com\/pt-br\/wp-json\/wp\/v2\/users\/1"}],"replies":[{"embeddable":true,"href":"https:\/\/www.boars-and-semen.com\/pt-br\/wp-json\/wp\/v2\/comments?post=940"}],"version-history":[{"count":7,"href":"https:\/\/www.boars-and-semen.com\/pt-br\/wp-json\/wp\/v2\/pages\/940\/revisions"}],"predecessor-version":[{"id":1160,"href":"https:\/\/www.boars-and-semen.com\/pt-br\/wp-json\/wp\/v2\/pages\/940\/revisions\/1160"}],"wp:attachment":[{"href":"https:\/\/www.boars-and-semen.com\/pt-br\/wp-json\/wp\/v2\/media?parent=940"}],"curies":[{"name":"wp","href":"https:\/\/api.w.org\/{rel}","templated":true}]}}