{"id":1583,"date":"2021-09-28T16:53:22","date_gmt":"2021-09-28T14:53:22","guid":{"rendered":"https:\/\/www.boars-and-semen.com\/colaboradores\/"},"modified":"2023-01-19T18:32:24","modified_gmt":"2023-01-19T16:32:24","slug":"colaboradores","status":"publish","type":"page","link":"https:\/\/www.boars-and-semen.com\/es\/colaboradores\/","title":{"rendered":"Contribuci\u00f3n"},"content":{"rendered":"\n<h1 class=\"tb-heading\" data-toolset-blocks-heading=\"00fb0b0175a5bcc235c8da3beea89a4d\" data-last-update=\"1.4\">Consejos, trucos y t\u00e9cnicas para un rendimiento excepcional de los verracos<\/h1>\n\n<p class=\"tb-heading\" data-toolset-blocks-heading=\"f3ae40a3fc775ec6025baf297b02e649\" data-last-update=\"1.4\">Boars &amp; Semen ayuda a los ganaderos y gestores profesionales de verracos a mejorar sus operaciones y su rendimiento. <br\/>Nuestros expertos detallan gu\u00edas pr\u00e1cticas y t\u00e9cnicas para aumentar la bioseguridad, mejorar la calidad del semen y preservar la salud y la productividad de los verracos.<\/p>\n\n<div style=\"height:20px\" aria-hidden=\"true\" class=\"wp-block-spacer\"><\/div>\n\n<div class=\"wp-block-toolset-blocks-container tb-container bs-boxed-title alignfull\" data-toolset-blocks-container=\"62c276d0386f06fe2f5a1841986a6865\"><div class=\"tb-container-inner\">\n<h2 class=\"tb-heading has-text-color bs-heading\" data-toolset-blocks-heading=\"53d904d9cea4e46f1ed42cf085a21fbe\" data-last-update=\"1.4\">Contribuci\u00f3n<\/h2>\n<\/div><\/div>\n<div class=\"tb-fields-and-text\" data-toolset-blocks-fields-and-text=\"360284519b991feb492b582c7d84725f\">\n\n\n<div id=\"wpv-view-layout-970\" class=\"js-wpv-view-layout js-wpv-layout-responsive js-wpv-view-layout-970\" data-viewnumber=\"970\" data-pagination=\"{&quot;id&quot;:970,&quot;query&quot;:&quot;normal&quot;,&quot;type&quot;:&quot;disabled&quot;,&quot;effect&quot;:&quot;fade&quot;,&quot;duration&quot;:500,&quot;speed&quot;:5,&quot;pause_on_hover&quot;:&quot;enabled&quot;,&quot;stop_rollover&quot;:&quot;false&quot;,&quot;cache_pages&quot;:&quot;enabled&quot;,&quot;preload_images&quot;:&quot;enabled&quot;,&quot;preload_pages&quot;:&quot;enabled&quot;,&quot;preload_reach&quot;:1,&quot;spinner&quot;:&quot;builtin&quot;,&quot;spinner_image&quot;:&quot;https:\/\/www.boars-and-semen.com\/wp-content\/plugins\/toolset-blocks\/embedded\/res\/img\/ajax-loader.gif&quot;,&quot;callback_next&quot;:&quot;&quot;,&quot;manage_history&quot;:&quot;enabled&quot;,&quot;has_controls_in_form&quot;:&quot;disabled&quot;,&quot;infinite_tolerance&quot;:&quot;0&quot;,&quot;max_pages&quot;:1,&quot;page&quot;:1,&quot;base_permalink&quot;:&quot;\/es\/wp-json\/wp\/v2\/pages\/1583?wpv_view_count=970&amp;wpv_paged=WPV_PAGE_NUM&quot;,&quot;loop&quot;:{&quot;type&quot;:&quot;&quot;,&quot;name&quot;:&quot;&quot;,&quot;data&quot;:[],&quot;id&quot;:0}}\" data-permalink=\"\/es\/wp-json\/wp\/v2\/pages\/1583?wpv_view_count=970\">\n\n\t\n\t\n\t<div class=\"bs-contributors\">\n\t\t\n\t\t\t<div class=\"bs-contributor\">\n<figure class=\"bs-avatar\"><img loading=\"lazy\" decoding=\"async\" width=\"300\" height=\"300\" src=\"https:\/\/www.boars-and-semen.com\/wp-content\/uploads\/2022\/03\/kebb-borstnez-300x300.jpg\" class=\"avatar avatar-300 photo wpv-profile-picture-shape-square\" alt=\"Kebb Borstnez\" srcset=\"https:\/\/www.boars-and-semen.com\/wp-content\/uploads\/2022\/03\/kebb-borstnez-300x300.jpg 300w, https:\/\/www.boars-and-semen.com\/wp-content\/uploads\/2022\/03\/kebb-borstnez-120x120.jpg 120w, https:\/\/www.boars-and-semen.com\/wp-content\/uploads\/2022\/03\/kebb-borstnez-24x24.jpg 24w, https:\/\/www.boars-and-semen.com\/wp-content\/uploads\/2022\/03\/kebb-borstnez-48x48.jpg 48w, https:\/\/www.boars-and-semen.com\/wp-content\/uploads\/2022\/03\/kebb-borstnez-96x96.jpg 96w, https:\/\/www.boars-and-semen.com\/wp-content\/uploads\/2022\/03\/kebb-borstnez-150x150.jpg 150w, https:\/\/www.boars-and-semen.com\/wp-content\/uploads\/2022\/03\/kebb-borstnez.jpg 450w\" sizes=\"auto, (max-width: 300px) 100vw, 300px\" \/><\/figure>\n<h3>Kebb Borstnez<\/h3>\n<p class=\"bs-author-description\"><strong>Technical Coordinator at GenePro Brazil<\/strong>\r\nA veterinarian, Kebb is the youngest member of our team of specialists. For 8 years, she has been dedicated to sperm quality control analysis, cooling techniques and protocols, proficient laboratory practices and control of receiving and shipping doses. Everything started with a small lab and a\r\ncountless number of daily analyses. At the forefront of swine AI technology in Brazil since 2018 and with several works published in scientific professional journals, Kebb\u2019s program is based on reproductive consulting, implementation of new technologies and team training\u2026.everything we absolutely need to guarantee excellent results of boars and sows. The evaluation of quantitative data and zootechnical indexes generated for every customer is an important part of the process. During her master\u2019s degree, Kebb worked with the implementation of a new technology for artificial insemination in Brazil \u2013 the Intellimate. The possibility of reproductive optimization in female herds inspires her. Kebb believes that excellent products, combined with well-trained teams and automated farms and studs can change the\r\ncourse of swine production.<\/p>\n<p class=\"bs-all-link\"><a href=\"\/es\/author\/kebb-borstnez\">Leer art\u00edculos<\/a><\/p>\n<\/div>\n\t\t\n\t\t\t<div class=\"bs-contributor\">\n<figure class=\"bs-avatar\"><img loading=\"lazy\" decoding=\"async\" width=\"255\" height=\"300\" src=\"https:\/\/www.boars-and-semen.com\/wp-content\/uploads\/2022\/03\/Clint-1.jpg\" class=\"avatar avatar-300 photo wpv-profile-picture-shape-square\" alt=\"Clinton Kane\" \/><\/figure>\n<h3>Clinton Kane<\/h3>\n<p class=\"bs-author-description\"><strong>Production Manager Genes Diffusion USA - Technical support for GenePro<\/strong>\r\nClint is strongly committed to the pig industry. With Genes Diffusion for 20 years, Clint manages its 300 head boar stud and supports studs of its key partners within the Advacore program. With his considerable experience, Clint was a natural choice to head GenePro\u2019s technical support team. Clint was a main contributor to the creation and deployment of the Genes Diffusion Advacore program. This program is dedicated to the quality and efficiency of boar studs and sow farms. Today, the Advacore program is used for more than 200,000 sows in the USA annually. You won\u2019t find better than Clint for your boar stud in North America!<\/p>\n<p class=\"bs-all-link\"><a href=\"\/es\/author\/clinton-krane\">Leer art\u00edculos<\/a><\/p>\n<\/div>\n\t\t\n\t\t\t<div class=\"bs-contributor\">\n<figure class=\"bs-avatar\"><img loading=\"lazy\" decoding=\"async\" width=\"300\" height=\"300\" src=\"https:\/\/www.boars-and-semen.com\/wp-content\/uploads\/2022\/03\/David-Mottais-1-300x300.jpg\" class=\"avatar avatar-300 photo wpv-profile-picture-shape-square\" alt=\"David Mottais\" srcset=\"https:\/\/www.boars-and-semen.com\/wp-content\/uploads\/2022\/03\/David-Mottais-1-300x300.jpg 300w, https:\/\/www.boars-and-semen.com\/wp-content\/uploads\/2022\/03\/David-Mottais-1-120x120.jpg 120w, https:\/\/www.boars-and-semen.com\/wp-content\/uploads\/2022\/03\/David-Mottais-1-24x24.jpg 24w, https:\/\/www.boars-and-semen.com\/wp-content\/uploads\/2022\/03\/David-Mottais-1-48x48.jpg 48w, https:\/\/www.boars-and-semen.com\/wp-content\/uploads\/2022\/03\/David-Mottais-1-96x96.jpg 96w, https:\/\/www.boars-and-semen.com\/wp-content\/uploads\/2022\/03\/David-Mottais-1-150x150.jpg 150w\" sizes=\"auto, (max-width: 300px) 100vw, 300px\" \/><\/figure>\n<h3>David Mottais<\/h3>\n<p class=\"bs-author-description\"><strong>Director of Operations at Genes Diffusion - President of GenePro<\/strong>\r\nDavid is an agricultural engineer specializing in animal production. Pigs have always been his leitmotif. David began his career in the genetic sector for PIC as an area sales manager. After 4 years, including field experience in Denmark, Germany and UK, he took a new position as Deputy Director for France. Fast forward to 2008; David joined Genes Diffusion and moved it to leading position on the French boar semen market. While it\u2019s difficult for him to hammer a nail, David did pilot several revolutionary ideas in swine AI : Selfix (first \u201cautomatic\u201d sow catheter), Safemate collection system, Armada (pooled semen)\u2026.Creative ideas from field experience flow from David! A true born leader. David supervises the 14 boar studs of Genes Diffusion and drives his teams toward the best quality semen production for farmers. Today, David is the Director of Operations for all species at Genes Diffusion Group. Throughout his career, he has applied his skills internationally (Spain, Poland, USA, Brazil, China\u2026.) resulting in vast experience of boar stud management. GenePro joined the Genes Diffusion group in 2015. As President of GenePro, David is responsible for international activities of the company.<\/p>\n<p class=\"bs-all-link\"><a href=\"\/es\/author\/david-mottais\">Leer art\u00edculos<\/a><\/p>\n<\/div>\n\t\t\n\t\t\t<div class=\"bs-contributor\">\n<figure class=\"bs-avatar\"><img loading=\"lazy\" decoding=\"async\" width=\"300\" height=\"300\" src=\"https:\/\/www.boars-and-semen.com\/wp-content\/uploads\/2022\/03\/Duc-300x300.jpg\" class=\"avatar avatar-300 photo wpv-profile-picture-shape-square\" alt=\"Duc Pham\" srcset=\"https:\/\/www.boars-and-semen.com\/wp-content\/uploads\/2022\/03\/Duc-300x300.jpg 300w, https:\/\/www.boars-and-semen.com\/wp-content\/uploads\/2022\/03\/Duc-120x120.jpg 120w, https:\/\/www.boars-and-semen.com\/wp-content\/uploads\/2022\/03\/Duc-24x24.jpg 24w, https:\/\/www.boars-and-semen.com\/wp-content\/uploads\/2022\/03\/Duc-48x48.jpg 48w, https:\/\/www.boars-and-semen.com\/wp-content\/uploads\/2022\/03\/Duc-96x96.jpg 96w, https:\/\/www.boars-and-semen.com\/wp-content\/uploads\/2022\/03\/Duc-150x150.jpg 150w\" sizes=\"auto, (max-width: 300px) 100vw, 300px\" \/><\/figure>\n<h3>Duc Pham<\/h3>\n<p class=\"bs-author-description\"><strong>Technical Director at GenePro<\/strong>\r\nAfter studying cellular biology, Duc started his career in a 150 head boar stud as production manager. After 10 years, he joined Genes Diffusion in 2007 to open a new stud of 430 boars. Optimization of the AI center, direct relation with farmers, and genetics management are part of his core skills. After 25 years in production and quality management, Duc is now Technical Director for Genes Diffusion and responsible for the production of 2100 boars in France as well as technical and quality monitoring of 14 labs. Specializing in quality and hygiene, he is implemented use of the CASA system in numerous boar studs. A true expert of the CASA, rumors say Duc counts sperm instead of sheep to fall asleep\u2026. All of Duc\u2019s experience must be shared; he is a regular speaker at international AI conferences (USA, Australia, France). Also a highly organized individual, Duc developed the Advadiag for annual performance audits of boar studs with a goal of achieving a common standard. GenePro is glad to have Duc included as part of their experienced technical support team.<\/p>\n<p class=\"bs-all-link\"><a href=\"\/es\/author\/duc-pham\">Leer art\u00edculos<\/a><\/p>\n<\/div>\n\t\t\n\t<\/div>\n\t\n\t\n\t\n<\/div>\n<\/div>\n","protected":false},"excerpt":{"rendered":"","protected":false},"author":1,"featured_media":0,"parent":0,"menu_order":0,"comment_status":"closed","ping_status":"closed","template":"","meta":{"inline_featured_image":false,"footnotes":""},"class_list":{"0":"post-1583","1":"page","2":"type-page","3":"status-publish","5":"no-featured-image-padding"},"yoast_head":"<!-- This site is optimized with the Yoast SEO plugin v27.4 - https:\/\/yoast.com\/product\/yoast-seo-wordpress\/ -->\n<title>Contribuci\u00f3n - Boars and Semen<\/title>\n<meta name=\"robots\" content=\"index, follow, max-snippet:-1, max-image-preview:large, max-video-preview:-1\" \/>\n<link rel=\"canonical\" href=\"https:\/\/www.boars-and-semen.com\/es\/colaboradores\/\" \/>\n<meta property=\"og:locale\" content=\"es_ES\" \/>\n<meta property=\"og:type\" content=\"article\" \/>\n<meta property=\"og:title\" content=\"Contribuci\u00f3n - Boars and Semen\" \/>\n<meta property=\"og:url\" content=\"https:\/\/www.boars-and-semen.com\/es\/colaboradores\/\" \/>\n<meta property=\"og:site_name\" content=\"Boars and Semen\" \/>\n<meta property=\"article:modified_time\" content=\"2023-01-19T16:32:24+00:00\" \/>\n<meta name=\"twitter:card\" content=\"summary_large_image\" \/>\n<script type=\"application\/ld+json\" class=\"yoast-schema-graph\">{\"@context\":\"https:\\\/\\\/schema.org\",\"@graph\":[{\"@type\":\"WebPage\",\"@id\":\"https:\\\/\\\/www.boars-and-semen.com\\\/es\\\/colaboradores\\\/\",\"url\":\"https:\\\/\\\/www.boars-and-semen.com\\\/es\\\/colaboradores\\\/\",\"name\":\"Contribuci\u00f3n - Boars and Semen\",\"isPartOf\":{\"@id\":\"https:\\\/\\\/www.boars-and-semen.com\\\/es\\\/#website\"},\"datePublished\":\"2021-09-28T14:53:22+00:00\",\"dateModified\":\"2023-01-19T16:32:24+00:00\",\"breadcrumb\":{\"@id\":\"https:\\\/\\\/www.boars-and-semen.com\\\/es\\\/colaboradores\\\/#breadcrumb\"},\"inLanguage\":\"es\",\"potentialAction\":[{\"@type\":\"ReadAction\",\"target\":[\"https:\\\/\\\/www.boars-and-semen.com\\\/es\\\/colaboradores\\\/\"]}]},{\"@type\":\"BreadcrumbList\",\"@id\":\"https:\\\/\\\/www.boars-and-semen.com\\\/es\\\/colaboradores\\\/#breadcrumb\",\"itemListElement\":[{\"@type\":\"ListItem\",\"position\":1,\"name\":\"Home\",\"item\":\"https:\\\/\\\/www.boars-and-semen.com\\\/es\\\/\"},{\"@type\":\"ListItem\",\"position\":2,\"name\":\"Contribuci\u00f3n\"}]},{\"@type\":\"WebSite\",\"@id\":\"https:\\\/\\\/www.boars-and-semen.com\\\/es\\\/#website\",\"url\":\"https:\\\/\\\/www.boars-and-semen.com\\\/es\\\/\",\"name\":\"Boars and Semen\",\"description\":\"Consejos, ideas y t\u00e9cnicas para obtener excelentes resultados en los centros de procesamiento de semen\",\"publisher\":{\"@id\":\"https:\\\/\\\/www.boars-and-semen.com\\\/es\\\/#organization\"},\"potentialAction\":[{\"@type\":\"SearchAction\",\"target\":{\"@type\":\"EntryPoint\",\"urlTemplate\":\"https:\\\/\\\/www.boars-and-semen.com\\\/es\\\/?s={search_term_string}\"},\"query-input\":{\"@type\":\"PropertyValueSpecification\",\"valueRequired\":true,\"valueName\":\"search_term_string\"}}],\"inLanguage\":\"es\"},{\"@type\":\"Organization\",\"@id\":\"https:\\\/\\\/www.boars-and-semen.com\\\/es\\\/#organization\",\"name\":\"Boars and Semen\",\"url\":\"https:\\\/\\\/www.boars-and-semen.com\\\/es\\\/\",\"logo\":{\"@type\":\"ImageObject\",\"inLanguage\":\"es\",\"@id\":\"https:\\\/\\\/www.boars-and-semen.com\\\/es\\\/#\\\/schema\\\/logo\\\/image\\\/\",\"url\":\"https:\\\/\\\/www.boars-and-semen.com\\\/wp-content\\\/uploads\\\/2021\\\/09\\\/boars-and-semen-logo.svg\",\"contentUrl\":\"https:\\\/\\\/www.boars-and-semen.com\\\/wp-content\\\/uploads\\\/2021\\\/09\\\/boars-and-semen-logo.svg\",\"caption\":\"Boars and Semen\"},\"image\":{\"@id\":\"https:\\\/\\\/www.boars-and-semen.com\\\/es\\\/#\\\/schema\\\/logo\\\/image\\\/\"}}]}<\/script>\n<!-- \/ Yoast SEO plugin. -->","yoast_head_json":{"title":"Contribuci\u00f3n - Boars and Semen","robots":{"index":"index","follow":"follow","max-snippet":"max-snippet:-1","max-image-preview":"max-image-preview:large","max-video-preview":"max-video-preview:-1"},"canonical":"https:\/\/www.boars-and-semen.com\/es\/colaboradores\/","og_locale":"es_ES","og_type":"article","og_title":"Contribuci\u00f3n - Boars and Semen","og_url":"https:\/\/www.boars-and-semen.com\/es\/colaboradores\/","og_site_name":"Boars and Semen","article_modified_time":"2023-01-19T16:32:24+00:00","twitter_card":"summary_large_image","schema":{"@context":"https:\/\/schema.org","@graph":[{"@type":"WebPage","@id":"https:\/\/www.boars-and-semen.com\/es\/colaboradores\/","url":"https:\/\/www.boars-and-semen.com\/es\/colaboradores\/","name":"Contribuci\u00f3n - Boars and Semen","isPartOf":{"@id":"https:\/\/www.boars-and-semen.com\/es\/#website"},"datePublished":"2021-09-28T14:53:22+00:00","dateModified":"2023-01-19T16:32:24+00:00","breadcrumb":{"@id":"https:\/\/www.boars-and-semen.com\/es\/colaboradores\/#breadcrumb"},"inLanguage":"es","potentialAction":[{"@type":"ReadAction","target":["https:\/\/www.boars-and-semen.com\/es\/colaboradores\/"]}]},{"@type":"BreadcrumbList","@id":"https:\/\/www.boars-and-semen.com\/es\/colaboradores\/#breadcrumb","itemListElement":[{"@type":"ListItem","position":1,"name":"Home","item":"https:\/\/www.boars-and-semen.com\/es\/"},{"@type":"ListItem","position":2,"name":"Contribuci\u00f3n"}]},{"@type":"WebSite","@id":"https:\/\/www.boars-and-semen.com\/es\/#website","url":"https:\/\/www.boars-and-semen.com\/es\/","name":"Boars and Semen","description":"Consejos, ideas y t\u00e9cnicas para obtener excelentes resultados en los centros de procesamiento de semen","publisher":{"@id":"https:\/\/www.boars-and-semen.com\/es\/#organization"},"potentialAction":[{"@type":"SearchAction","target":{"@type":"EntryPoint","urlTemplate":"https:\/\/www.boars-and-semen.com\/es\/?s={search_term_string}"},"query-input":{"@type":"PropertyValueSpecification","valueRequired":true,"valueName":"search_term_string"}}],"inLanguage":"es"},{"@type":"Organization","@id":"https:\/\/www.boars-and-semen.com\/es\/#organization","name":"Boars and Semen","url":"https:\/\/www.boars-and-semen.com\/es\/","logo":{"@type":"ImageObject","inLanguage":"es","@id":"https:\/\/www.boars-and-semen.com\/es\/#\/schema\/logo\/image\/","url":"https:\/\/www.boars-and-semen.com\/wp-content\/uploads\/2021\/09\/boars-and-semen-logo.svg","contentUrl":"https:\/\/www.boars-and-semen.com\/wp-content\/uploads\/2021\/09\/boars-and-semen-logo.svg","caption":"Boars and Semen"},"image":{"@id":"https:\/\/www.boars-and-semen.com\/es\/#\/schema\/logo\/image\/"}}]}},"_links":{"self":[{"href":"https:\/\/www.boars-and-semen.com\/es\/wp-json\/wp\/v2\/pages\/1583","targetHints":{"allow":["GET"]}}],"collection":[{"href":"https:\/\/www.boars-and-semen.com\/es\/wp-json\/wp\/v2\/pages"}],"about":[{"href":"https:\/\/www.boars-and-semen.com\/es\/wp-json\/wp\/v2\/types\/page"}],"author":[{"embeddable":true,"href":"https:\/\/www.boars-and-semen.com\/es\/wp-json\/wp\/v2\/users\/1"}],"replies":[{"embeddable":true,"href":"https:\/\/www.boars-and-semen.com\/es\/wp-json\/wp\/v2\/comments?post=1583"}],"version-history":[{"count":6,"href":"https:\/\/www.boars-and-semen.com\/es\/wp-json\/wp\/v2\/pages\/1583\/revisions"}],"predecessor-version":[{"id":1611,"href":"https:\/\/www.boars-and-semen.com\/es\/wp-json\/wp\/v2\/pages\/1583\/revisions\/1611"}],"wp:attachment":[{"href":"https:\/\/www.boars-and-semen.com\/es\/wp-json\/wp\/v2\/media?parent=1583"}],"curies":[{"name":"wp","href":"https:\/\/api.w.org\/{rel}","templated":true}]}}